{"id":14,"date":"2026-03-11T00:29:42","date_gmt":"2026-03-11T00:29:42","guid":{"rendered":"https:\/\/spet.fi\/?page_id=14"},"modified":"2026-03-12T02:03:18","modified_gmt":"2026-03-12T02:03:18","slug":"etusivu","status":"publish","type":"page","link":"https:\/\/spet.fi\/","title":{"rendered":"Etusivu"},"content":{"rendered":"\n<div class=\"wp-block-cover alignfull\" style=\"min-height:800px;aspect-ratio:unset;\"><img decoding=\"async\" class=\"wp-block-cover__image-background\" alt=\"\" src=\"https:\/\/spet.fi\/wp-content\/themes\/neve\/assets\/img\/starter-content\/neve-hero-2.png\" style=\"object-position:50% 72%\" data-object-fit=\"cover\" data-object-position=\"50% 72%\"\/><span aria-hidden=\"true\" class=\"wp-block-cover__background has-background-dim-0 has-background-dim\"><\/span><div class=\"wp-block-cover__inner-container is-layout-flow wp-block-cover-is-layout-flow\">\n<div class=\"wp-block-columns are-vertically-aligned-center is-layout-flex wp-container-core-columns-is-layout-9d6595d7 wp-block-columns-is-layout-flex\">\n<div class=\"wp-block-column is-vertically-aligned-center is-layout-flow wp-block-column-is-layout-flow\" style=\"padding-right:var(--wp--preset--spacing--20);padding-left:var(--wp--preset--spacing--20);flex-basis:65%\">\n<div style=\"height:80px\" aria-hidden=\"true\" class=\"wp-block-spacer\"><\/div>\n\n\n\n<h1 class=\"wp-block-heading has-text-align-left has-nv-text-dark-bg-color has-text-color\">Tervetuloa Suomen Positiivinen Energia Terapia Ry:n sivuille<\/h1>\n\n\n\n<p class=\"has-text-align-left\">Tuemme mielenterveytt\u00e4 ja hyvinvointia positiivisen energian avulla<\/p>\n\n\n\n<div class=\"wp-block-buttons is-horizontal is-content-justification-left is-layout-flex wp-container-core-buttons-is-layout-7e5fce0a wp-block-buttons-is-layout-flex\">\n<div class=\"wp-block-button is-style-primary\"><a class=\"wp-block-button__link has-text-color has-background has-link-color wp-element-button\" href=\"https:\/\/spet.fi\/index.php\/tietoja\/\" style=\"color:#0a2279;background-color:#ffffff\">Tietoa Meist\u00e4<\/a><\/div>\n\n\n\n\n\n<div class=\"wp-block-button is-style-secondary\"><a class=\"wp-block-button__link has-nv-text-dark-bg-color has-text-color has-link-color wp-element-button\" href=\"https:\/\/spet.fi\/index.php\/contact\/\">Ota Yhteytt\u00e4<\/a><\/div>\n<\/div>\n\n\n\n<div style=\"height:100px\" aria-hidden=\"true\" class=\"wp-block-spacer\"><\/div>\n<\/div>\n\n\n\n<div class=\"wp-block-column is-vertically-aligned-center is-layout-flow wp-block-column-is-layout-flow\"><\/div>\n<\/div>\n<\/div><\/div>\n\n\n\n<div class=\"wp-block-group alignwide is-style-ext-preset--group--natural-1--section has-background-background-color has-background\" style=\"margin-top:0;margin-bottom:0;padding-top:var(--wp--preset--spacing--70);padding-bottom:var(--wp--preset--spacing--70)\"><div class=\"wp-block-group__inner-container is-layout-constrained wp-block-group-is-layout-constrained\">\n<h2 class=\"wp-block-heading has-text-align-center\">Mielenterveys<\/h2>\n\n\n\n<p class=\"has-text-align-center ext-animate--on\" style=\"margin-top:1.5rem\">L\u00f6yd\u00e4 tukea ja ohjausta mielenterveyden haasteisiin<\/p>\n\n\n\n<div class=\"wp-block-columns alignwide is-layout-flex wp-container-core-columns-is-layout-bd0aba32 wp-block-columns-is-layout-flex\">\n<div class=\"wp-block-column is-vertically-aligned-stretch ext-animate--on is-layout-flow wp-block-column-is-layout-flow\">\n<div class=\"wp-block-group is-style-ext-preset--group--natural-1--item-card-1--align-center\"><div class=\"wp-block-group__inner-container is-layout-constrained wp-block-group-is-layout-constrained\">\n<div class=\"wp-block-group alignwide is-style-default\"><div class=\"wp-block-group__inner-container is-layout-constrained wp-block-group-is-layout-constrained\"><div class=\"wp-block-image ext-aspect-landscape wp-duotone-varpresetduotoneprimary-foreground-1\">\n<figure class=\"aligncenter size-large\"><img decoding=\"async\" src=\"data:image\/svg+xml;base64,PHN2ZyB4bWxucz0iaHR0cDovL3d3dy53My5vcmcvMjAwMC9zdmciIHdpZHRoPSI0OCIgaGVpZ2h0PSI0OCIgZmlsbD0iIzAwMDAwMCIgdmlld0JveD0iMCAwIDI1NiAyNTYiPjxwYXRoIGQ9Ik0xNzIsNzZhNDQsNDQsMCwxLDAtNDQsNDRBNDQuMDUsNDQuMDUsMCwwLDAsMTcyLDc2Wm0tNDQsMjhhMjgsMjgsMCwxLDEsMjgtMjhBMjgsMjgsMCwwLDEsMTI4LDEwNFptNjAsMjRhNDQsNDQsMCwxLDAsNDQsNDRBNDQuMDUsNDQuMDUsMCwwLDAsMTg4LDEyOFptMCw3MmEyOCwyOCwwLDEsMSwyOC0yOEEyOCwyOCwwLDAsMSwxODgsMjAwWk02OCwxMjhhNDQsNDQsMCwxLDAsNDQsNDRBNDQuMDUsNDQuMDUsMCwwLDAsNjgsMTI4Wm0wLDcyYTI4LDI4LDAsMSwxLDI4LTI4QTI4LDI4LDAsMCwxLDY4LDIwMFoiPjwvcGF0aD48L3N2Zz4=\" alt=\"\" style=\"object-fit:cover\"\/><\/figure>\n<\/div>\n\n\n<h3 class=\"wp-block-heading has-text-align-center\"><a href=\"https:\/\/spet.fi\/index.php\/2024\/08\/18\/voitamme-masennuksen-biblioterapian-avulla\/\" data-type=\"link\" data-id=\"https:\/\/spet.fi\/index.php\/2024\/08\/18\/voitamme-masennuksen-biblioterapian-avulla\/\">Tietoa masennuksesta<\/a><\/h3>\n\n\n\n<p class=\"has-text-align-center\">Tuki ja ohjaus masennuksen voittamiseen<\/p>\n<\/div><\/div>\n<\/div><\/div>\n<\/div>\n\n\n\n<div class=\"wp-block-column is-vertically-aligned-stretch ext-animate--on is-layout-flow wp-block-column-is-layout-flow\">\n<div class=\"wp-block-group is-style-ext-preset--group--natural-1--item-card-1--align-center\"><div class=\"wp-block-group__inner-container is-layout-constrained wp-block-group-is-layout-constrained\">\n<div class=\"wp-block-group is-style-default\"><div class=\"wp-block-group__inner-container is-layout-constrained wp-block-group-is-layout-constrained\"><div class=\"wp-block-image ext-aspect-landscape wp-duotone-varpresetduotoneprimary-foreground-2\">\n<figure class=\"aligncenter size-large\"><img decoding=\"async\" src=\"data:image\/svg+xml;base64,PHN2ZyB4bWxucz0iaHR0cDovL3d3dy53My5vcmcvMjAwMC9zdmciIHdpZHRoPSI0OCIgaGVpZ2h0PSI0OCIgZmlsbD0iIzAwMDAwMCIgdmlld0JveD0iMCAwIDI1NiAyNTYiPjxwYXRoIGQ9Ik04MCw0MGE0MCw0MCwwLDEsMCw0MCw0MEE0MCw0MCwwLDAsMCw4MCw0MFptMCw2NGEyNCwyNCwwLDEsMSwyNC0yNEEyNCwyNCwwLDAsMSw4MCwxMDRabTk2LDE2YTQwLDQwLDAsMSwwLTQwLTQwQTQwLDQwLDAsMCwwLDE3NiwxMjBabTAtNjRhMjQsMjQsMCwxLDEtMjQsMjRBMjQsMjQsMCwwLDEsMTc2LDU2Wk04MCwxMzZhNDAsNDAsMCwxLDAsNDAsNDBBNDAsNDAsMCwwLDAsODAsMTM2Wm0wLDY0YTI0LDI0LDAsMSwxLDI0LTI0QTI0LDI0LDAsMCwxLDgwLDIwMFptOTYtNjRhNDAsNDAsMCwxLDAsNDAsNDBBNDAsNDAsMCwwLDAsMTc2LDEzNlptMCw2NGEyNCwyNCwwLDEsMSwyNC0yNEEyNCwyNCwwLDAsMSwxNzYsMjAwWiI+PC9wYXRoPjwvc3ZnPg==\" alt=\"\" style=\"object-fit:cover\"\/><\/figure>\n<\/div>\n\n\n<h3 class=\"wp-block-heading has-text-align-center\"><a href=\"https:\/\/spet.fi\/index.php\/2024\/08\/18\/elama-ilman-stressia-on-mahdollista\/\" data-type=\"link\" data-id=\"https:\/\/spet.fi\/index.php\/2024\/08\/18\/elama-ilman-stressia-on-mahdollista\/\">Tietoa Stressist\u00e4<\/a><\/h3>\n\n\n\n<p class=\"has-text-align-center\">Stressin hallinta ja rentoutuminen<\/p>\n<\/div><\/div>\n<\/div><\/div>\n<\/div>\n\n\n\n<div class=\"wp-block-column is-vertically-aligned-stretch ext-animate--on is-layout-flow wp-block-column-is-layout-flow\">\n<div class=\"wp-block-group is-style-ext-preset--group--natural-1--item-card-1--align-center\"><div class=\"wp-block-group__inner-container is-layout-constrained wp-block-group-is-layout-constrained\">\n<div class=\"wp-block-group is-style-default\"><div class=\"wp-block-group__inner-container is-layout-constrained wp-block-group-is-layout-constrained\"><div class=\"wp-block-image ext-aspect-landscape wp-duotone-varpresetduotoneprimary-foreground-3\">\n<figure class=\"aligncenter size-large\"><img decoding=\"async\" src=\"data:image\/svg+xml;base64,PHN2ZyB4bWxucz0iaHR0cDovL3d3dy53My5vcmcvMjAwMC9zdmciIHdpZHRoPSI0OCIgaGVpZ2h0PSI0OCIgZmlsbD0iIzAwMDAwMCIgdmlld0JveD0iMCAwIDI1NiAyNTYiPjxwYXRoIGQ9Ik04MCw0MGE0MCw0MCwwLDEsMCw0MCw0MEE0MCw0MCwwLDAsMCw4MCw0MFptMCw2NGEyNCwyNCwwLDEsMSwyNC0yNEEyNCwyNCwwLDAsMSw4MCwxMDRabTk2LDE2YTQwLDQwLDAsMSwwLTQwLTQwQTQwLDQwLDAsMCwwLDE3NiwxMjBabTAtNjRhMjQsMjQsMCwxLDEtMjQsMjRBMjQsMjQsMCwwLDEsMTc2LDU2Wk04MCwxMzZhNDAsNDAsMCwxLDAsNDAsNDBBNDAsNDAsMCwwLDAsODAsMTM2Wm0wLDY0YTI0LDI0LDAsMSwxLDI0LTI0QTI0LDI0LDAsMCwxLDgwLDIwMFptMTM2LTI0YTgsOCwwLDAsMS04LDhIMTg0djI0YTgsOCwwLDAsMS0xNiwwVjE4NEgxNDRhOCw4LDAsMCwxLDAtMTZoMjRWMTQ0YTgsOCwwLDAsMSwxNiwwdjI0aDI0QTgsOCwwLDAsMSwyMTYsMTc2WiI+PC9wYXRoPjwvc3ZnPg==\" alt=\"\" style=\"object-fit:cover\"\/><\/figure>\n<\/div>\n\n\n<h3 class=\"wp-block-heading has-text-align-center\"><a href=\"https:\/\/spet.fi\/index.php\/2024\/08\/18\/voimme-voittaa-pelon\/\" data-type=\"link\" data-id=\"https:\/\/spet.fi\/index.php\/2024\/08\/18\/voimme-voittaa-pelon\/\">Pelon Tunteminen<\/a><\/h3>\n\n\n\n<p class=\"has-text-align-center\">Pelon ymm\u00e4rt\u00e4minen ja hallinta<\/p>\n<\/div><\/div>\n<\/div><\/div>\n<\/div>\n<\/div>\n<\/div><\/div>\n\n\n\n<div class=\"wp-block-group is-style-ext-preset--group--natural-1--section has-background-background-color has-background\" style=\"margin-top:0;margin-bottom:0;padding-top:var(--wp--preset--spacing--60);padding-bottom:var(--wp--preset--spacing--60)\"><div class=\"wp-block-group__inner-container is-layout-constrained wp-block-group-is-layout-constrained\">\n<div class=\"wp-block-group alignwide is-style-ext-preset--group--natural-1--item-card-1--align-start ext-animate--on\"><div class=\"wp-block-group__inner-container is-layout-constrained wp-block-group-is-layout-constrained\">\n<div class=\"wp-block-group is-style-default\" style=\"padding-top:var(--wp--preset--spacing--50);padding-right:var(--wp--preset--spacing--50);padding-bottom:var(--wp--preset--spacing--50);padding-left:var(--wp--preset--spacing--50)\"><div class=\"wp-block-group__inner-container is-layout-constrained wp-container-core-group-is-layout-1c1b4f74 wp-block-group-is-layout-constrained\">\n<p class=\"has-text-align-center\" style=\"margin-top:var(--wp--preset--spacing--30);margin-bottom:24px;font-size:20px;font-style:normal;font-weight:600\">Onnistumisia \u2705<\/p>\n\n\n\n<p>Suomen Positiivinen Energia Terapia Ry -yhdistyksen\u00e4 olemme viimeisen kahden vuoden aikana tukeneet monia asiakkaitamme taistelemalla t\u00e4llaisten ongelmien, kuten itsemurha-ajatusten, kanssa kotimaisten ja ulkomaisten nuorten keskuudessa. Olemme onnistuneet vapauttamaan suurimman osan itsemurhaa yritt\u00e4neist\u00e4 nuorista n\u00e4ist\u00e4 ajatuksista; joillekin olemme antaneet aktiivisia rooleja yhdistyksess\u00e4mme ja auttaneet heit\u00e4 integroitumaan yhteiskuntaan.<\/p>\n\n\n\n<p class=\"has-text-align-center\" style=\"margin-top:var(--wp--preset--spacing--30);margin-bottom:24px;font-size:20px;font-style:normal;font-weight:600\">Lis\u00e4ksi olemme saavuttaneet l\u00e4hes 100 % positiivisia tuloksia ilman ulkopuolista apua. T\u00e4m\u00e4 menestys on osoittanut, kuinka tehokas positiivinen ja ratkaisukeskeinen l\u00e4hestymistapa on itsens\u00e4 l\u00f6yt\u00e4misess\u00e4 monien positiivisten terapioiden avulla, henkisen rauhan ja onnellisuuden saavuttamisessa.<\/p>\n<\/div><\/div>\n<\/div><\/div>\n<\/div><\/div>\n\n\n\n<p><\/p>\n","protected":false},"excerpt":{"rendered":"<p>Mielenterveys L\u00f6yd\u00e4 tukea ja ohjausta mielenterveyden haasteisiin Tietoa masennuksesta Tuki ja ohjaus masennuksen voittamiseen Tietoa Stressist\u00e4 Stressin hallinta ja rentoutuminen Pelon Tunteminen Pelon ymm\u00e4rt\u00e4minen ja hallinta Onnistumisia \u2705 Suomen Positiivinen Energia Terapia Ry -yhdistyksen\u00e4 olemme viimeisen kahden vuoden aikana tukeneet monia asiakkaitamme taistelemalla t\u00e4llaisten ongelmien, kuten itsemurha-ajatusten, kanssa kotimaisten ja ulkomaisten nuorten keskuudessa. Olemme onnistuneet&hellip;&nbsp;<\/p>\n","protected":false},"author":1,"featured_media":0,"parent":0,"menu_order":0,"comment_status":"closed","ping_status":"closed","template":"","meta":{"neve_meta_sidebar":"","neve_meta_container":"","neve_meta_enable_content_width":"on","neve_meta_content_width":100,"neve_meta_title_alignment":"","neve_meta_author_avatar":"","neve_post_elements_order":"","neve_meta_disable_header":"","neve_meta_disable_footer":"","neve_meta_disable_title":"on","footnotes":""},"class_list":["post-14","page","type-page","status-publish","hentry"],"yoast_head":"<!-- This site is optimized with the Yoast SEO plugin v27.5 - https:\/\/yoast.com\/product\/yoast-seo-wordpress\/ -->\n<title>Etusivu - Suomen Positiivinen Energia Terapia Ry<\/title>\n<meta name=\"robots\" content=\"index, follow, max-snippet:-1, max-image-preview:large, max-video-preview:-1\" \/>\n<link rel=\"canonical\" href=\"https:\/\/spet.fi\/\" \/>\n<meta property=\"og:locale\" content=\"fi_FI\" \/>\n<meta property=\"og:type\" content=\"article\" \/>\n<meta property=\"og:title\" content=\"Etusivu - Suomen Positiivinen Energia Terapia Ry\" \/>\n<meta property=\"og:description\" content=\"Mielenterveys L\u00f6yd\u00e4 tukea ja ohjausta mielenterveyden haasteisiin Tietoa masennuksesta Tuki ja ohjaus masennuksen voittamiseen Tietoa Stressist\u00e4 Stressin hallinta ja rentoutuminen Pelon Tunteminen Pelon ymm\u00e4rt\u00e4minen ja hallinta Onnistumisia \u2705 Suomen Positiivinen Energia Terapia Ry -yhdistyksen\u00e4 olemme viimeisen kahden vuoden aikana tukeneet monia asiakkaitamme taistelemalla t\u00e4llaisten ongelmien, kuten itsemurha-ajatusten, kanssa kotimaisten ja ulkomaisten nuorten keskuudessa. Olemme onnistuneet&hellip;&nbsp;\" \/>\n<meta property=\"og:url\" content=\"https:\/\/spet.fi\/\" \/>\n<meta property=\"og:site_name\" content=\"Suomen Positiivinen Energia Terapia Ry\" \/>\n<meta property=\"article:modified_time\" content=\"2026-03-12T02:03:18+00:00\" \/>\n<meta property=\"og:image\" content=\"https:\/\/spet.fi\/wp-content\/themes\/neve\/assets\/img\/starter-content\/neve-hero-2.png\" \/>\n<meta name=\"twitter:card\" content=\"summary_large_image\" \/>\n<meta name=\"twitter:label1\" content=\"Arvioitu lukuaika\" \/>\n\t<meta name=\"twitter:data1\" content=\"1 minuutti\" \/>\n<script type=\"application\/ld+json\" class=\"yoast-schema-graph\">{\"@context\":\"https:\\\/\\\/schema.org\",\"@graph\":[{\"@type\":\"WebPage\",\"@id\":\"https:\\\/\\\/spet.fi\\\/\",\"url\":\"https:\\\/\\\/spet.fi\\\/\",\"name\":\"Etusivu - Suomen Positiivinen Energia Terapia Ry\",\"isPartOf\":{\"@id\":\"https:\\\/\\\/spet.fi\\\/#website\"},\"primaryImageOfPage\":{\"@id\":\"https:\\\/\\\/spet.fi\\\/#primaryimage\"},\"image\":{\"@id\":\"https:\\\/\\\/spet.fi\\\/#primaryimage\"},\"thumbnailUrl\":\"https:\\\/\\\/spet.fi\\\/wp-content\\\/themes\\\/neve\\\/assets\\\/img\\\/starter-content\\\/neve-hero-2.png\",\"datePublished\":\"2026-03-11T00:29:42+00:00\",\"dateModified\":\"2026-03-12T02:03:18+00:00\",\"breadcrumb\":{\"@id\":\"https:\\\/\\\/spet.fi\\\/#breadcrumb\"},\"inLanguage\":\"fi\",\"potentialAction\":[{\"@type\":\"ReadAction\",\"target\":[\"https:\\\/\\\/spet.fi\\\/\"]}]},{\"@type\":\"ImageObject\",\"inLanguage\":\"fi\",\"@id\":\"https:\\\/\\\/spet.fi\\\/#primaryimage\",\"url\":\"https:\\\/\\\/spet.fi\\\/wp-content\\\/themes\\\/neve\\\/assets\\\/img\\\/starter-content\\\/neve-hero-2.png\",\"contentUrl\":\"https:\\\/\\\/spet.fi\\\/wp-content\\\/themes\\\/neve\\\/assets\\\/img\\\/starter-content\\\/neve-hero-2.png\"},{\"@type\":\"BreadcrumbList\",\"@id\":\"https:\\\/\\\/spet.fi\\\/#breadcrumb\",\"itemListElement\":[{\"@type\":\"ListItem\",\"position\":1,\"name\":\"Etusivu\",\"item\":\"https:\\\/\\\/spet.fi\\\/\"},{\"@type\":\"ListItem\",\"position\":2,\"name\":\"Etusivu\"}]},{\"@type\":\"WebSite\",\"@id\":\"https:\\\/\\\/spet.fi\\\/#website\",\"url\":\"https:\\\/\\\/spet.fi\\\/\",\"name\":\"Suomen Positiivinen Energia Terapia Ry\",\"description\":\"Terapia Kaikille\",\"publisher\":{\"@id\":\"https:\\\/\\\/spet.fi\\\/#organization\"},\"potentialAction\":[{\"@type\":\"SearchAction\",\"target\":{\"@type\":\"EntryPoint\",\"urlTemplate\":\"https:\\\/\\\/spet.fi\\\/?s={search_term_string}\"},\"query-input\":{\"@type\":\"PropertyValueSpecification\",\"valueRequired\":true,\"valueName\":\"search_term_string\"}}],\"inLanguage\":\"fi\"},{\"@type\":\"Organization\",\"@id\":\"https:\\\/\\\/spet.fi\\\/#organization\",\"name\":\"Suomen Positiivinen Energia Terapia Ry\",\"alternateName\":\"spet, positiivinenenergiaterapia\",\"url\":\"https:\\\/\\\/spet.fi\\\/\",\"logo\":{\"@type\":\"ImageObject\",\"inLanguage\":\"fi\",\"@id\":\"https:\\\/\\\/spet.fi\\\/#\\\/schema\\\/logo\\\/image\\\/\",\"url\":\"https:\\\/\\\/spet.fi\\\/wp-content\\\/uploads\\\/2026\\\/03\\\/cropped-cropped-posen.png\",\"contentUrl\":\"https:\\\/\\\/spet.fi\\\/wp-content\\\/uploads\\\/2026\\\/03\\\/cropped-cropped-posen.png\",\"width\":512,\"height\":512,\"caption\":\"Suomen Positiivinen Energia Terapia Ry\"},\"image\":{\"@id\":\"https:\\\/\\\/spet.fi\\\/#\\\/schema\\\/logo\\\/image\\\/\"}}]}<\/script>\n<!-- \/ Yoast SEO plugin. -->","yoast_head_json":{"title":"Etusivu - Suomen Positiivinen Energia Terapia Ry","robots":{"index":"index","follow":"follow","max-snippet":"max-snippet:-1","max-image-preview":"max-image-preview:large","max-video-preview":"max-video-preview:-1"},"canonical":"https:\/\/spet.fi\/","og_locale":"fi_FI","og_type":"article","og_title":"Etusivu - Suomen Positiivinen Energia Terapia Ry","og_description":"Mielenterveys L\u00f6yd\u00e4 tukea ja ohjausta mielenterveyden haasteisiin Tietoa masennuksesta Tuki ja ohjaus masennuksen voittamiseen Tietoa Stressist\u00e4 Stressin hallinta ja rentoutuminen Pelon Tunteminen Pelon ymm\u00e4rt\u00e4minen ja hallinta Onnistumisia \u2705 Suomen Positiivinen Energia Terapia Ry -yhdistyksen\u00e4 olemme viimeisen kahden vuoden aikana tukeneet monia asiakkaitamme taistelemalla t\u00e4llaisten ongelmien, kuten itsemurha-ajatusten, kanssa kotimaisten ja ulkomaisten nuorten keskuudessa. Olemme onnistuneet&hellip;&nbsp;","og_url":"https:\/\/spet.fi\/","og_site_name":"Suomen Positiivinen Energia Terapia Ry","article_modified_time":"2026-03-12T02:03:18+00:00","og_image":[{"url":"https:\/\/spet.fi\/wp-content\/themes\/neve\/assets\/img\/starter-content\/neve-hero-2.png","type":"","width":"","height":""}],"twitter_card":"summary_large_image","twitter_misc":{"Arvioitu lukuaika":"1 minuutti"},"schema":{"@context":"https:\/\/schema.org","@graph":[{"@type":"WebPage","@id":"https:\/\/spet.fi\/","url":"https:\/\/spet.fi\/","name":"Etusivu - Suomen Positiivinen Energia Terapia Ry","isPartOf":{"@id":"https:\/\/spet.fi\/#website"},"primaryImageOfPage":{"@id":"https:\/\/spet.fi\/#primaryimage"},"image":{"@id":"https:\/\/spet.fi\/#primaryimage"},"thumbnailUrl":"https:\/\/spet.fi\/wp-content\/themes\/neve\/assets\/img\/starter-content\/neve-hero-2.png","datePublished":"2026-03-11T00:29:42+00:00","dateModified":"2026-03-12T02:03:18+00:00","breadcrumb":{"@id":"https:\/\/spet.fi\/#breadcrumb"},"inLanguage":"fi","potentialAction":[{"@type":"ReadAction","target":["https:\/\/spet.fi\/"]}]},{"@type":"ImageObject","inLanguage":"fi","@id":"https:\/\/spet.fi\/#primaryimage","url":"https:\/\/spet.fi\/wp-content\/themes\/neve\/assets\/img\/starter-content\/neve-hero-2.png","contentUrl":"https:\/\/spet.fi\/wp-content\/themes\/neve\/assets\/img\/starter-content\/neve-hero-2.png"},{"@type":"BreadcrumbList","@id":"https:\/\/spet.fi\/#breadcrumb","itemListElement":[{"@type":"ListItem","position":1,"name":"Etusivu","item":"https:\/\/spet.fi\/"},{"@type":"ListItem","position":2,"name":"Etusivu"}]},{"@type":"WebSite","@id":"https:\/\/spet.fi\/#website","url":"https:\/\/spet.fi\/","name":"Suomen Positiivinen Energia Terapia Ry","description":"Terapia Kaikille","publisher":{"@id":"https:\/\/spet.fi\/#organization"},"potentialAction":[{"@type":"SearchAction","target":{"@type":"EntryPoint","urlTemplate":"https:\/\/spet.fi\/?s={search_term_string}"},"query-input":{"@type":"PropertyValueSpecification","valueRequired":true,"valueName":"search_term_string"}}],"inLanguage":"fi"},{"@type":"Organization","@id":"https:\/\/spet.fi\/#organization","name":"Suomen Positiivinen Energia Terapia Ry","alternateName":"spet, positiivinenenergiaterapia","url":"https:\/\/spet.fi\/","logo":{"@type":"ImageObject","inLanguage":"fi","@id":"https:\/\/spet.fi\/#\/schema\/logo\/image\/","url":"https:\/\/spet.fi\/wp-content\/uploads\/2026\/03\/cropped-cropped-posen.png","contentUrl":"https:\/\/spet.fi\/wp-content\/uploads\/2026\/03\/cropped-cropped-posen.png","width":512,"height":512,"caption":"Suomen Positiivinen Energia Terapia Ry"},"image":{"@id":"https:\/\/spet.fi\/#\/schema\/logo\/image\/"}}]}},"_links":{"self":[{"href":"https:\/\/spet.fi\/index.php\/wp-json\/wp\/v2\/pages\/14","targetHints":{"allow":["GET"]}}],"collection":[{"href":"https:\/\/spet.fi\/index.php\/wp-json\/wp\/v2\/pages"}],"about":[{"href":"https:\/\/spet.fi\/index.php\/wp-json\/wp\/v2\/types\/page"}],"author":[{"embeddable":true,"href":"https:\/\/spet.fi\/index.php\/wp-json\/wp\/v2\/users\/1"}],"replies":[{"embeddable":true,"href":"https:\/\/spet.fi\/index.php\/wp-json\/wp\/v2\/comments?post=14"}],"version-history":[{"count":16,"href":"https:\/\/spet.fi\/index.php\/wp-json\/wp\/v2\/pages\/14\/revisions"}],"predecessor-version":[{"id":157,"href":"https:\/\/spet.fi\/index.php\/wp-json\/wp\/v2\/pages\/14\/revisions\/157"}],"wp:attachment":[{"href":"https:\/\/spet.fi\/index.php\/wp-json\/wp\/v2\/media?parent=14"}],"curies":[{"name":"wp","href":"https:\/\/api.w.org\/{rel}","templated":true}]}}